{"id":2564,"date":"2024-06-07T20:52:38","date_gmt":"2024-06-07T18:52:38","guid":{"rendered":"https:\/\/association-le-pilier.ch\/?page_id=2564"},"modified":"2024-06-07T20:55:39","modified_gmt":"2024-06-07T18:55:39","slug":"contact","status":"publish","type":"page","link":"https:\/\/association-le-pilier.ch\/index.php\/contact\/","title":{"rendered":"Contact"},"content":{"rendered":"<section class=\"wpb-content-wrapper\">[vc_row][vc_column css=\u00a0\u00bb.vc_custom_1692115062315{padding-top: 0px !important;padding-right: 0px !important;padding-bottom: 0px !important;padding-left: 0px !important;}\u00a0\u00bb]<div  class=\"swmsc_full_width_section\" style=\" background-color:#90be54;background-size: auto;  padding-top:0px; padding-bottom:0px; margin-top:0px; margin-bottom:0px;  \">\n\t\t\t\t\t\t<div class=\"swmsc_container\">\n\t\t\t\t\t\t\t[vc_row_inner][vc_column_inner width=\u00a0\u00bb1\/3&Prime; css=\u00a0\u00bb.vc_custom_1479795987672{padding-top: 40px !important;padding-right: 0px !important;padding-bottom: 35px !important;padding-left: 0px !important;}\u00a0\u00bb]<div   >\n\t\t\t\t\t\t<div class=\"swmsc_services_icons swmsc_responsive_services swmsc_services_item_left\" data-responsive=\"767\" data-margin=\"15\" >\n\t\t\t\t\t\t\t\t<div class=\"swmsc_services_item_holder swmsc_services_icon_small\" style=\"margin-right:15px;\">\n\t\t\t\t\t\t\t\t<span style=\"border:0px solid rgba(0,0,0,0.5); border-radius:50%; background:rgba(0,0,0,0.1);\">\n\t\t\t\t\t\t\t\t\t<i class=\"fa fa-map-marker\" style=\"color:#ffffff;\"><\/i>\n\t\t\t\t\t\t\t\t<\/span>\n\t\t\t\t\t\t\t<\/div>\n\t\t\t\t\t\t\t<div class=\"swmsc_services_icon_content\">\n\t\t\t\t\t\t\t\t<h5 style=\"font-size:16px; color:#ffffff;margin-bottom:0px;\">Association Le Pilier<\/h5>\n\t\t\t\t\t\t\t\t<span style=\"color: #ffffff;\">Adultes sur le spectre autistique<\/span>\n\t\t\t\t\t\t\t\t<\/div>\n\t\t\t\t\t\t\t<div class=\"clear\"><\/div>\n\t\t\t\t\t\t<\/div>\n\t\t\t\t\t\t<div class=\"clear\"><\/div>\n\t\t\t\t\t<\/div>[\/vc_column_inner][vc_column_inner width=\u00a0\u00bb1\/3&Prime; css=\u00a0\u00bb.vc_custom_1479803567287{padding-top: 40px !important;padding-right: 30px !important;padding-bottom: 35px !important;padding-left: 30px !important;background-color: rgba(0,0,0,0.08) !important;*background-color: rgb(0,0,0) !important;}\u00a0\u00bb]<div   >\n\t\t\t\t\t\t<div class=\"swmsc_services_icons swmsc_responsive_services swmsc_services_item_left\" data-responsive=\"767\" data-margin=\"15\" >\n\t\t\t\t\t\t\t\t<div class=\"swmsc_services_item_holder swmsc_services_icon_small\" style=\"margin-right:15px;\">\n\t\t\t\t\t\t\t\t<span style=\"border:0px double rgba(0,0,0,0.5); border-radius:50%; background:rgba(0,0,0,0.1);\">\n\t\t\t\t\t\t\t\t\t<i class=\"fa fa-phone\" style=\"color:#ffffff;\"><\/i>\n\t\t\t\t\t\t\t\t<\/span>\n\t\t\t\t\t\t\t<\/div>\n\t\t\t\t\t\t\t<div class=\"swmsc_services_icon_content\">\n\t\t\t\t\t\t\t\t<h5 style=\"font-size:16px; color:#ffffff;margin-bottom:0px;\">Rue du Chasseron 11<\/h5>\n\t\t\t\t\t\t\t\t<span style=\"color: #ffffff;\">1530 Payerne<\/span>\n\t\t\t\t\t\t\t\t<\/div>\n\t\t\t\t\t\t\t<div class=\"clear\"><\/div>\n\t\t\t\t\t\t<\/div>\n\t\t\t\t\t\t<div class=\"clear\"><\/div>\n\t\t\t\t\t<\/div>[\/vc_column_inner][vc_column_inner width=\u00a0\u00bb1\/3&Prime; css=\u00a0\u00bb.vc_custom_1479796001682{padding-top: 40px !important;padding-right: 0px !important;padding-bottom: 35px !important;padding-left: 30px !important;}\u00a0\u00bb]<div   >\n\t\t\t\t\t\t<div class=\"swmsc_services_icons swmsc_responsive_services swmsc_services_item_left\" data-responsive=\"767\" data-margin=\"15\" >\n\t\t\t\t\t\t\t\t<div class=\"swmsc_services_item_holder swmsc_services_icon_small\" style=\"margin-right:15px;\">\n\t\t\t\t\t\t\t\t<span style=\"border:0px double rgba(0,0,0,0.5); border-radius:50%; background:rgba(0,0,0,0.1);\">\n\t\t\t\t\t\t\t\t\t<i class=\"fa fa-envelope-o\" style=\"color:#ffffff;\"><\/i>\n\t\t\t\t\t\t\t\t<\/span>\n\t\t\t\t\t\t\t<\/div>\n\t\t\t\t\t\t\t<div class=\"swmsc_services_icon_content\">\n\t\t\t\t\t\t\t\t<h5 style=\"font-size:16px; color:#ffffff;margin-bottom:0px;\">Une\/des question\/s ?<\/h5>\n\t\t\t\t\t\t\t\t<span style=\"color: #ffffff;\"><a style=\"color: #ffffff;\" href=\"mailto:contact@association-le-pilier.ch\">contact@association-le-pilier.ch<\/a><\/span>\n\t\t\t\t\t\t\t\t<\/div>\n\t\t\t\t\t\t\t<div class=\"clear\"><\/div>\n\t\t\t\t\t\t<\/div>\n\t\t\t\t\t\t<div class=\"clear\"><\/div>\n\t\t\t\t\t<\/div>[\/vc_column_inner][\/vc_row_inner]\n\t\t\t\t\t\t\t<div class=\"clear\"><\/div>\n\t\t\t\t\t\t<\/div>\n\t\t\t\t\t<\/div>[\/vc_column][\/vc_row][vc_row][vc_column css=\u00a0\u00bb.vc_custom_1479795333979{padding-top: 70px !important;padding-bottom: 40px !important;}\u00a0\u00bb]<div   >\n\t\t\t\t\t\t<div class=\"swmsc_container\">\n\t\t\t\t\t\t\t[vc_row_inner][vc_column_inner width=\u00a0\u00bb1\/6&Prime;][\/vc_column_inner][vc_column_inner width=\u00a0\u00bb2\/3&Prime;]<div  class=\"ecoworld-heading-font center uppercase\" ><div style=\"font-size:25px; color:#333333; font-weight:normal; line-height:30px;\">\n\t\t\t\t\tNous contacter\n\t\t\t\t\t<\/div><\/div><div  class=\"swmsc_custom_dividers swmsc_dividers_line2 text_align_center\" style=\"margin-top:20px;margin-bottom:20px; clear:all;\"><span style=\"max-width:40px;background-color:#90be54;\"><\/span><\/div><div  class=\"swmsc_text_block\" > \r\n<div class=\"swmsc_text_block\">\r\n<p style=\"text-align: center;\"><strong>Pour recevoir des informations concernant notre association, pour nous proposer de collaborer, pour nous faire part de vos exp\u00e9riences et pour toutes les autres raisons qui vous donnent envie d&rsquo;entrer en contact avec nous, n&rsquo;h\u00e9sitez pas \u00e0 utiliser le formulaire ci-dessous, nous vous r\u00e9pondrons aussi vite que possible.<\/strong><\/p>\r\n<\/div>\r\n<\/div><div  class=\"clear swmsc_gap\" style=\"margin:20px 0 0 0;\"><\/div><style id=\"wpforms-css-vars-2544\">\n\t\t\t\t#wpforms-2544 {\n\t\t\t\t\n\t\t\t}\n\t\t\t<\/style><div class=\"wpforms-container wpforms-container-full wpforms-render-modern\" id=\"wpforms-2544\"><form id=\"wpforms-form-2544\" class=\"wpforms-validate wpforms-form wpforms-ajax-form\" data-formid=\"2544\" method=\"post\" enctype=\"multipart\/form-data\" action=\"\/index.php\/wp-json\/wp\/v2\/pages\/2564\" data-token=\"4354d983cdf52c7f42df54e609303b12\" data-token-time=\"1776414650\"><noscript class=\"wpforms-error-noscript\">Veuillez activer JavaScript dans votre navigateur pour remplir ce formulaire.<\/noscript><div id=\"wpforms-error-noscript\" style=\"display: none;\">Veuillez activer JavaScript dans votre navigateur pour remplir ce formulaire.<\/div><div class=\"wpforms-field-container\"><div id=\"wpforms-2544-field_0-container\" class=\"wpforms-field wpforms-field-name\" data-field-id=\"0\"><fieldset><legend class=\"wpforms-field-label\">Coordonn\u00e9es <span class=\"wpforms-required-label\" aria-hidden=\"true\">*<\/span><\/legend><div class=\"wpforms-field-row wpforms-field-medium\"><div class=\"wpforms-field-row-block wpforms-first wpforms-one-half\"><input type=\"text\" id=\"wpforms-2544-field_0\" class=\"wpforms-field-name-first wpforms-field-required\" name=\"wpforms[fields][0][first]\" aria-errormessage=\"wpforms-2544-field_0-error\" required><label for=\"wpforms-2544-field_0\" class=\"wpforms-field-sublabel after\">Pr\u00e9nom<\/label><\/div><div class=\"wpforms-field-row-block wpforms-one-half\"><input type=\"text\" id=\"wpforms-2544-field_0-last\" class=\"wpforms-field-name-last wpforms-field-required\" name=\"wpforms[fields][0][last]\" aria-errormessage=\"wpforms-2544-field_0-last-error\" required><label for=\"wpforms-2544-field_0-last\" class=\"wpforms-field-sublabel after\">Nom<\/label><\/div><\/div><\/fieldset><\/div><div id=\"wpforms-2544-field_1-container\" class=\"wpforms-field wpforms-field-email\" data-field-id=\"1\"><label class=\"wpforms-field-label\" for=\"wpforms-2544-field_1\">E-mail <span class=\"wpforms-required-label\" aria-hidden=\"true\">*<\/span><\/label><input type=\"email\" id=\"wpforms-2544-field_1\" class=\"wpforms-field-medium wpforms-field-required\" name=\"wpforms[fields][1]\" spellcheck=\"false\" aria-errormessage=\"wpforms-2544-field_1-error\" required><\/div><div id=\"wpforms-2544-field_2-container\" class=\"wpforms-field wpforms-field-textarea\" data-field-id=\"2\"><label class=\"wpforms-field-label\" for=\"wpforms-2544-field_2\">Votre message<\/label><textarea id=\"wpforms-2544-field_2\" class=\"wpforms-field-medium\" name=\"wpforms[fields][2]\" aria-errormessage=\"wpforms-2544-field_2-error\" ><\/textarea><\/div><\/div><!-- .wpforms-field-container --><div class=\"wpforms-recaptcha-container wpforms-is-recaptcha wpforms-is-recaptcha-type-v3\" ><input type=\"hidden\" name=\"wpforms[recaptcha]\" value=\"\"><\/div><div class=\"wpforms-submit-container\" ><input type=\"hidden\" name=\"wpforms[id]\" value=\"2544\"><input type=\"hidden\" name=\"page_title\" value=\"\"><input type=\"hidden\" name=\"page_url\" value=\"https:\/\/association-le-pilier.ch\/index.php\/wp-json\/wp\/v2\/pages\/2564\"><input type=\"hidden\" name=\"url_referer\" value=\"\"><button type=\"submit\" name=\"wpforms[submit]\" id=\"wpforms-submit-2544\" class=\"wpforms-submit\" data-alt-text=\"Envoi...\" data-submit-text=\"Envoyer\" aria-live=\"assertive\" value=\"wpforms-submit\">Envoyer<\/button><img loading=\"lazy\" decoding=\"async\" src=\"https:\/\/association-le-pilier.ch\/wp-content\/plugins\/wpforms-lite\/assets\/images\/submit-spin.svg\" class=\"wpforms-submit-spinner\" style=\"display: none;\" width=\"26\" height=\"26\" alt=\"Chargement en cours\"><\/div><\/form><\/div>  <!-- .wpforms-container -->[\/vc_column_inner][vc_column_inner width=\u00a0\u00bb1\/6&Prime;][\/vc_column_inner][\/vc_row_inner]\n\t\t\t\t\t\t\t<div class=\"clear\"><\/div>\n\t\t\t\t\t\t<\/div>\n\t\t\t\t\t<\/div>[\/vc_column][\/vc_row][vc_row][vc_column][\/vc_column][\/vc_row][vc_row][vc_column][vc_column_text]\r\n\r\n<div class=\"wp-block-columns is-layout-flex wp-container-core-columns-is-layout-9d6595d7 wp-block-columns-is-layout-flex\">\r\n<div class=\"wp-block-column is-layout-flow wp-block-column-is-layout-flow\" style=\"flex-basis: 25%;\">\u00a0<\/div>\r\n\r\n\r\n\r\n<div class=\"wp-block-column is-layout-flow wp-block-column-is-layout-flow\" style=\"flex-basis: 50%;\"><style id=\"wpforms-css-vars-2527\">\n\t\t\t\t#wpforms-2527 {\n\t\t\t\t\n\t\t\t}\n\t\t\t<\/style>\n<\/div>\r\n\r\n\r\n\r\n<div class=\"wp-block-column is-layout-flow wp-block-column-is-layout-flow\" style=\"flex-basis: 25%;\">\u00a0<\/div>\r\n<p><\/p>\r\n<\/div>\r\n[\/vc_column_text][\/vc_column][\/vc_row]<\/section>","protected":false},"excerpt":{"rendered":"<p>[vc_row][vc_column css=\u00a0\u00bb.vc_custom_1692115062315{padding-top: 0px !important;padding-right: 0px !important;padding-bottom: 0px !important;padding-left: 0px !important;}\u00a0\u00bb][\/vc_column][\/vc_row][vc_row][vc_column css=\u00a0\u00bb.vc_custom_1479795333979{padding-top: 70px !important;padding-bottom: 40px !important;}\u00a0\u00bb][\/vc_column][\/vc_row][vc_row][vc_column][\/vc_column][\/vc_row][vc_row][vc_column][vc_column_text] \u00a0 \u00a0 [\/vc_column_text][\/vc_column][\/vc_row]<\/p>\n","protected":false},"author":2,"featured_media":0,"parent":0,"menu_order":0,"comment_status":"closed","ping_status":"closed","template":"templates\/100-width.php","meta":{"give_campaign_id":0,"_price":"","_stock":"","_tribe_ticket_header":"","_tribe_default_ticket_provider":"","_tribe_ticket_capacity":"0","_ticket_start_date":"","_ticket_end_date":"","_tribe_ticket_show_description":"","_tribe_ticket_show_not_going":false,"_tribe_ticket_use_global_stock":"","_tribe_ticket_global_stock_level":"","_global_stock_mode":"","_global_stock_cap":"","_tribe_rsvp_for_event":"","_tribe_ticket_going_count":"","_tribe_ticket_not_going_count":"","_tribe_tickets_list":"[]","_tribe_ticket_has_attendee_info_fields":false,"footnotes":"","_tec_slr_enabled":"","_tec_slr_layout":""},"class_list":["post-2564","page","type-page","status-publish","hentry"],"campaignId":"","ticketed":false,"_links":{"self":[{"href":"https:\/\/association-le-pilier.ch\/index.php\/wp-json\/wp\/v2\/pages\/2564","targetHints":{"allow":["GET"]}}],"collection":[{"href":"https:\/\/association-le-pilier.ch\/index.php\/wp-json\/wp\/v2\/pages"}],"about":[{"href":"https:\/\/association-le-pilier.ch\/index.php\/wp-json\/wp\/v2\/types\/page"}],"author":[{"embeddable":true,"href":"https:\/\/association-le-pilier.ch\/index.php\/wp-json\/wp\/v2\/users\/2"}],"replies":[{"embeddable":true,"href":"https:\/\/association-le-pilier.ch\/index.php\/wp-json\/wp\/v2\/comments?post=2564"}],"version-history":[{"count":2,"href":"https:\/\/association-le-pilier.ch\/index.php\/wp-json\/wp\/v2\/pages\/2564\/revisions"}],"predecessor-version":[{"id":2577,"href":"https:\/\/association-le-pilier.ch\/index.php\/wp-json\/wp\/v2\/pages\/2564\/revisions\/2577"}],"wp:attachment":[{"href":"https:\/\/association-le-pilier.ch\/index.php\/wp-json\/wp\/v2\/media?parent=2564"}],"curies":[{"name":"wp","href":"https:\/\/api.w.org\/{rel}","templated":true}]}}