{"id":1879,"date":"2024-05-20T14:06:25","date_gmt":"2024-05-20T12:06:25","guid":{"rendered":"https:\/\/association-le-pilier.ch\/?page_id=1879"},"modified":"2025-11-08T21:09:07","modified_gmt":"2025-11-08T20:09:07","slug":"presentation-de-lassociation","status":"publish","type":"page","link":"https:\/\/association-le-pilier.ch\/","title":{"rendered":"Pr\u00e9sentation de l&rsquo;association"},"content":{"rendered":"\n<div class=\"wp-block-media-text is-stacked-on-mobile\" style=\"grid-template-columns:55% auto\"><figure class=\"wp-block-media-text__media\"><img loading=\"lazy\" decoding=\"async\" width=\"1024\" height=\"651\" src=\"http:\/\/association-le-pilier.ch\/wp-content\/uploads\/2023\/08\/img_association_le_pilier_aspeger_10-1024x651.jpg\" alt=\"\" class=\"wp-image-1593 size-full\" srcset=\"https:\/\/association-le-pilier.ch\/wp-content\/uploads\/2023\/08\/img_association_le_pilier_aspeger_10-1024x651.jpg 1024w, https:\/\/association-le-pilier.ch\/wp-content\/uploads\/2023\/08\/img_association_le_pilier_aspeger_10-300x191.jpg 300w, https:\/\/association-le-pilier.ch\/wp-content\/uploads\/2023\/08\/img_association_le_pilier_aspeger_10-768x488.jpg 768w, https:\/\/association-le-pilier.ch\/wp-content\/uploads\/2023\/08\/img_association_le_pilier_aspeger_10-1536x976.jpg 1536w, https:\/\/association-le-pilier.ch\/wp-content\/uploads\/2023\/08\/img_association_le_pilier_aspeger_10-2048x1301.jpg 2048w\" sizes=\"auto, (max-width: 1024px) 100vw, 1024px\" \/><\/figure><div class=\"wp-block-media-text__content\">\n<p class=\"has-text-align-left has-black-color has-text-color has-link-color has-medium-font-size wp-elements-8b9c58f9a9667e575019051b5e1be63d\">Cette association a pour but de proposer de l&rsquo;aide aux personnes autistes \u00ab\u00a0asperger\u00a0\u00bb adultes afin qu&rsquo;ils puissent trouver une place dans une soci\u00e9t\u00e9 qui se veut de plus en plus exigeante et normative. Son but est d&rsquo;\u00eatre \u00e0 l&rsquo;\u00e9coute des personnes qui d\u00e9sirent s&rsquo;impliquer dans ce projet tant en participant \u00e0 des groupes de paroles, qu&rsquo;en partageant leurs exp\u00e9riences de vie ou simplement parce qu&rsquo;il y a un d\u00e9sir profond d&rsquo;\u00eatre pr\u00e9sent pour aider son prochain.<\/p>\n<\/div><\/div>\n\n\n\n<div style=\"height:57px\" aria-hidden=\"true\" class=\"wp-block-spacer\"><\/div>\n\n\n\n<div class=\"wp-block-media-text has-media-on-the-right is-stacked-on-mobile\" style=\"grid-template-columns:auto 53%\"><div class=\"wp-block-media-text__content\">\n<p class=\"has-text-align-right has-black-color has-text-color has-link-color has-medium-font-size wp-elements-6f719d9c2f67333ffd0fbbc6c029c03d\">Le Pilier a \u00e9galement pour but d&rsquo;informer mieux la population suisse qui stigmatise encore beaucoup l&rsquo;autisme et qui ne connait pas vraiment son spectre, qui lui est vari\u00e9 et riche de diff\u00e9rences. Cette associatioon est une graine qui demande qu&rsquo;a \u00e9clore avec vous et votre soutien. Car tout est \u00e0 construire ensemble par le partage, l&rsquo;implication et la volont\u00e9 bienveillante de faire bouger les choses.<\/p>\n<\/div><figure class=\"wp-block-media-text__media\"><img loading=\"lazy\" decoding=\"async\" width=\"1024\" height=\"678\" src=\"http:\/\/association-le-pilier.ch\/wp-content\/uploads\/2023\/08\/img_association_le_pilier_aspeger_07-1024x678.jpg\" alt=\"\" class=\"wp-image-1590 size-full\" srcset=\"https:\/\/association-le-pilier.ch\/wp-content\/uploads\/2023\/08\/img_association_le_pilier_aspeger_07-1024x678.jpg 1024w, https:\/\/association-le-pilier.ch\/wp-content\/uploads\/2023\/08\/img_association_le_pilier_aspeger_07-300x199.jpg 300w, https:\/\/association-le-pilier.ch\/wp-content\/uploads\/2023\/08\/img_association_le_pilier_aspeger_07-768x509.jpg 768w, https:\/\/association-le-pilier.ch\/wp-content\/uploads\/2023\/08\/img_association_le_pilier_aspeger_07-1536x1017.jpg 1536w, https:\/\/association-le-pilier.ch\/wp-content\/uploads\/2023\/08\/img_association_le_pilier_aspeger_07-2048x1356.jpg 2048w\" sizes=\"auto, (max-width: 1024px) 100vw, 1024px\" \/><\/figure><\/div>\n\n\n\n<div style=\"height:59px\" aria-hidden=\"true\" class=\"wp-block-spacer\"><\/div>\n\n\n\n<div class=\"wp-block-media-text is-stacked-on-mobile has-black-color has-text-color has-link-color wp-elements-3441556ec96184cda8186914adab748a\"><figure class=\"wp-block-media-text__media\"><img loading=\"lazy\" decoding=\"async\" width=\"1024\" height=\"518\" src=\"http:\/\/association-le-pilier.ch\/wp-content\/uploads\/2023\/08\/img_association_le_pilier_aspeger_09-1024x518.jpg\" alt=\"\" class=\"wp-image-1592 size-full\" srcset=\"https:\/\/association-le-pilier.ch\/wp-content\/uploads\/2023\/08\/img_association_le_pilier_aspeger_09-1024x518.jpg 1024w, https:\/\/association-le-pilier.ch\/wp-content\/uploads\/2023\/08\/img_association_le_pilier_aspeger_09-300x152.jpg 300w, https:\/\/association-le-pilier.ch\/wp-content\/uploads\/2023\/08\/img_association_le_pilier_aspeger_09-768x389.jpg 768w, https:\/\/association-le-pilier.ch\/wp-content\/uploads\/2023\/08\/img_association_le_pilier_aspeger_09-1536x777.jpg 1536w, https:\/\/association-le-pilier.ch\/wp-content\/uploads\/2023\/08\/img_association_le_pilier_aspeger_09-2048x1036.jpg 2048w\" sizes=\"auto, (max-width: 1024px) 100vw, 1024px\" \/><\/figure><div class=\"wp-block-media-text__content\">\n<p class=\"has-medium-font-size\">Nous allons \u00e9galement mettre un r\u00e9seau en place pour faciliter l&rsquo;aide des personnes sur le TSA qui d\u00e9sirent \u00e9voluer, tant dans leur fonctionnement, que dans la volont\u00e9 de faire un projet pour qu&rsquo;ils s&rsquo;\u00e9panouissent. La pens\u00e9e autistique est quelques fois statique mais non rigide. C&rsquo;est pourquoi il est possible d&rsquo;utiliser des outils pour l&rsquo;assouplir et ainsi sortir d&rsquo;une zone de confort qui pourrait emp\u00eacher une vie meilleure . Apprendre les diff\u00e9rentes perspectives aident \u00e9galement \u00e0 mieux comprendre la r\u00e9action de l&rsquo;entourage. <\/p>\n<\/div><\/div>\n\n\n\n<div style=\"height:48px\" aria-hidden=\"true\" class=\"wp-block-spacer\"><\/div>\n\n\n\n<div class=\"wp-block-media-text has-media-on-the-right is-stacked-on-mobile\"><div class=\"wp-block-media-text__content\">\n<p class=\"has-text-align-right has-black-color has-text-color has-link-color has-medium-font-size wp-elements-f7ddd23470b15250ff3e50c3c95334aa\">Imaginez- vous un r\u00e9seau d&rsquo;autistes \u00ab\u00a0asperger\u00a0\u00bb, avec un potentiel \u00e9lev\u00e9 dans des domaines bien sp\u00e9cifiques. Que voyez-vous ? Quelles images vous viennent \u00e0 l&rsquo;esprit ? Si l&rsquo;on arrive \u00e0 communiquer et \u00eatre bienveillant entre nous, alors \u00e7a va d\u00e9chirer ! Mais oui, \u00e7a demande du travail, mais le chemin n&rsquo;est-il pas plus important que le but ? Les rencontres ne sont-elles pas  remplies de myst\u00e8res et de possibilit\u00e9s?<\/p>\n<\/div><figure class=\"wp-block-media-text__media\"><img loading=\"lazy\" decoding=\"async\" width=\"1024\" height=\"683\" src=\"http:\/\/association-le-pilier.ch\/wp-content\/uploads\/2023\/08\/img_association_le_pilier_aspeger_06-1024x683.jpg\" alt=\"\" class=\"wp-image-1589 size-full\" srcset=\"https:\/\/association-le-pilier.ch\/wp-content\/uploads\/2023\/08\/img_association_le_pilier_aspeger_06-1024x683.jpg 1024w, https:\/\/association-le-pilier.ch\/wp-content\/uploads\/2023\/08\/img_association_le_pilier_aspeger_06-300x200.jpg 300w, https:\/\/association-le-pilier.ch\/wp-content\/uploads\/2023\/08\/img_association_le_pilier_aspeger_06-768x512.jpg 768w, https:\/\/association-le-pilier.ch\/wp-content\/uploads\/2023\/08\/img_association_le_pilier_aspeger_06-1536x1024.jpg 1536w, https:\/\/association-le-pilier.ch\/wp-content\/uploads\/2023\/08\/img_association_le_pilier_aspeger_06-2048x1365.jpg 2048w\" sizes=\"auto, (max-width: 1024px) 100vw, 1024px\" \/><\/figure><\/div>\n\n\n\n<div style=\"height:40px\" aria-hidden=\"true\" class=\"wp-block-spacer\"><\/div>\n\n\n\n<p class=\"has-text-align-center has-black-color has-text-color has-link-color has-medium-font-size wp-elements-8e3f642ee622d9c6c06e45c61ed5bc38\">Je pr\u00e9cise que cette association n&rsquo;est pas l\u00e0 pour combattre ou pour imposer des id\u00e9es dans une autre extr\u00e9mit\u00e9, ce ne serait pas constructif. Elle va permettre de construire, dans l&rsquo;harmonie, des ponts entre des personnes qui ont des perspectives diff\u00e9rentes de ce monde. La diff\u00e9rence ne fait plus peur lorsqu&rsquo;elle est comprise, elle enrichit chaque \u00eatre humain et permet davantage de tol\u00e9rance et de compassion les uns envers les autres<\/p>\n\n\n<div class=\"wp-block-image\">\n<figure class=\"aligncenter size-large is-resized\"><img loading=\"lazy\" decoding=\"async\" width=\"1024\" height=\"283\" src=\"https:\/\/association-le-pilier.ch\/wp-content\/uploads\/2024\/05\/Separateur-coeur-1-1024x283.png\" alt=\"\" class=\"wp-image-2049\" style=\"width:602px;height:auto\" srcset=\"https:\/\/association-le-pilier.ch\/wp-content\/uploads\/2024\/05\/Separateur-coeur-1-1024x283.png 1024w, https:\/\/association-le-pilier.ch\/wp-content\/uploads\/2024\/05\/Separateur-coeur-1-300x83.png 300w, https:\/\/association-le-pilier.ch\/wp-content\/uploads\/2024\/05\/Separateur-coeur-1-768x212.png 768w, https:\/\/association-le-pilier.ch\/wp-content\/uploads\/2024\/05\/Separateur-coeur-1-1536x424.png 1536w, https:\/\/association-le-pilier.ch\/wp-content\/uploads\/2024\/05\/Separateur-coeur-1-2048x566.png 2048w\" sizes=\"auto, (max-width: 1024px) 100vw, 1024px\" \/><\/figure>\n<\/div>\n\n\n<div style=\"height:26px\" aria-hidden=\"true\" class=\"wp-block-spacer\"><\/div>\n\n\n\n<p class=\"has-text-align-center has-black-color has-text-color has-link-color has-medium-font-size wp-elements-4e750bdb9352a756f9a31526d6e17824\">Nous nous r\u00e9jouissons de vous rencontrer et de vous accueillir \u00e0 l&rsquo;association LE PILIER, qui d\u00e9sire vous soutenir et vous aider \u00e0 aller de l&rsquo;avant, tel un lierre qui grandit petit \u00e0 petit, avec pers\u00e9v\u00e9rance, pour prendre de la hauteur et avoir une meilleure perspective de la vie.<\/p>\n\n\n\n<p class=\"has-text-align-center has-black-color has-text-color has-link-color has-medium-font-size wp-elements-def946033e03a2ecbd46bea88cd9d6b8\">Et peut \u00eatre, nous l&rsquo;esp\u00e9rons, nous arriverons ensemble \u00e0 ouvrir une nouvelle porte sur un monde davantage enclin \u00e0 la neurodiversit\u00e9.<\/p>\n\n\n\n<div style=\"height:35px\" aria-hidden=\"true\" class=\"wp-block-spacer\"><\/div>\n\n\n\n<div class=\"wp-block-cover is-light\" style=\"min-height:750px;aspect-ratio:unset;\"><img loading=\"lazy\" decoding=\"async\" width=\"2560\" height=\"1707\" class=\"wp-block-cover__image-background wp-image-1931\" alt=\"\" src=\"https:\/\/association-le-pilier.ch\/wp-content\/uploads\/2024\/05\/porte-changer-evoluer-scaled.jpg\" style=\"object-position:48% 68%\" data-object-fit=\"cover\" data-object-position=\"48% 68%\" srcset=\"https:\/\/association-le-pilier.ch\/wp-content\/uploads\/2024\/05\/porte-changer-evoluer-scaled.jpg 2560w, https:\/\/association-le-pilier.ch\/wp-content\/uploads\/2024\/05\/porte-changer-evoluer-300x200.jpg 300w, https:\/\/association-le-pilier.ch\/wp-content\/uploads\/2024\/05\/porte-changer-evoluer-1024x683.jpg 1024w, https:\/\/association-le-pilier.ch\/wp-content\/uploads\/2024\/05\/porte-changer-evoluer-768x512.jpg 768w, https:\/\/association-le-pilier.ch\/wp-content\/uploads\/2024\/05\/porte-changer-evoluer-1536x1024.jpg 1536w, https:\/\/association-le-pilier.ch\/wp-content\/uploads\/2024\/05\/porte-changer-evoluer-2048x1365.jpg 2048w\" sizes=\"auto, (max-width: 2560px) 100vw, 2560px\" \/><span aria-hidden=\"true\" class=\"wp-block-cover__background has-background-dim-0 has-background-dim\" style=\"background-color:#888b8b\"><\/span><div class=\"wp-block-cover__inner-container is-layout-constrained wp-block-cover-is-layout-constrained\">\n<p class=\"has-text-align-center has-large-font-size\"><\/p>\n<\/div><\/div>\n","protected":false},"excerpt":{"rendered":"<p>Cette association a pour but de proposer de l&rsquo;aide aux personnes autistes \u00ab\u00a0asperger\u00a0\u00bb adultes afin qu&rsquo;ils puissent trouver une place dans une soci\u00e9t\u00e9 qui se veut de plus en plus exigeante et normative. Son but est d&rsquo;\u00eatre \u00e0 l&rsquo;\u00e9coute des personnes qui d\u00e9sirent s&rsquo;impliquer dans ce projet tant en participant [&hellip;]<\/p>\n","protected":false},"author":2,"featured_media":0,"parent":0,"menu_order":0,"comment_status":"closed","ping_status":"closed","template":"","meta":{"give_campaign_id":0,"_price":"","_stock":"","_tribe_ticket_header":"","_tribe_default_ticket_provider":"","_tribe_ticket_capacity":"0","_ticket_start_date":"","_ticket_end_date":"","_tribe_ticket_show_description":"","_tribe_ticket_show_not_going":false,"_tribe_ticket_use_global_stock":"","_tribe_ticket_global_stock_level":"","_global_stock_mode":"","_global_stock_cap":"","_tribe_rsvp_for_event":"","_tribe_ticket_going_count":"","_tribe_ticket_not_going_count":"","_tribe_tickets_list":"[]","_tribe_ticket_has_attendee_info_fields":false,"footnotes":"","_tec_slr_enabled":"","_tec_slr_layout":""},"class_list":["post-1879","page","type-page","status-publish","hentry"],"campaignId":"","ticketed":false,"_links":{"self":[{"href":"https:\/\/association-le-pilier.ch\/index.php\/wp-json\/wp\/v2\/pages\/1879","targetHints":{"allow":["GET"]}}],"collection":[{"href":"https:\/\/association-le-pilier.ch\/index.php\/wp-json\/wp\/v2\/pages"}],"about":[{"href":"https:\/\/association-le-pilier.ch\/index.php\/wp-json\/wp\/v2\/types\/page"}],"author":[{"embeddable":true,"href":"https:\/\/association-le-pilier.ch\/index.php\/wp-json\/wp\/v2\/users\/2"}],"replies":[{"embeddable":true,"href":"https:\/\/association-le-pilier.ch\/index.php\/wp-json\/wp\/v2\/comments?post=1879"}],"version-history":[{"count":77,"href":"https:\/\/association-le-pilier.ch\/index.php\/wp-json\/wp\/v2\/pages\/1879\/revisions"}],"predecessor-version":[{"id":2954,"href":"https:\/\/association-le-pilier.ch\/index.php\/wp-json\/wp\/v2\/pages\/1879\/revisions\/2954"}],"wp:attachment":[{"href":"https:\/\/association-le-pilier.ch\/index.php\/wp-json\/wp\/v2\/media?parent=1879"}],"curies":[{"name":"wp","href":"https:\/\/api.w.org\/{rel}","templated":true}]}}